{"id":1052,"date":"2023-10-27T22:07:30","date_gmt":"2023-10-27T19:07:30","guid":{"rendered":"https:\/\/hecross.net\/?page_id=1052"},"modified":"2023-10-28T21:19:50","modified_gmt":"2023-10-28T18:19:50","slug":"istoriya","status":"publish","type":"page","link":"https:\/\/hecross.net\/ro\/istoriya\/","title":{"rendered":"Povestea"},"content":{"rendered":"<p><\/p>\n<p style=\"text-align: center;\"><strong>POVESTEA PROIECTULUI HE-CROSS<\/strong><\/p>\n<p>Ca orice lucru bun, povestea HE-CROSS a \u00eenceput cu o idee excelent\u0103 ce avea ca fundament o bun\u0103 rela\u021bie de cooperare \u00eentre dou\u0103 Universit\u0103\u021bi partenere, care au fost mereu dispuse s\u0103 depun\u0103 eforturi pentru a contribui la dezvoltarea regiunilor \u0219i ora\u0219elor lor.<\/p>\n<p>Semnarea acordului de grant \u0219i \u00eenceperea implement\u0103rii proiectului, \u00een data de 5 februarie 2020, au reprezentat angajarea pe un drum anevoios a celor dou\u0103 echipe de proiect care, \u00een pofida tuturor vicisitudinilor vremurilor actuale, s-au decis s\u0103 duc\u0103 la \u00eendeplinire obiectivele \u00een totalitatea lor.<\/p>\n<p>Chiar imediat dup\u0103 \u00eenceputul proiectului, c\u00e2nd toate lucrurile p\u0103reau s\u0103 se a\u0219eze pe trasa fireasc\u0103, \u00eentreaga lume a fost zguduit\u0103 de pandemia de SARS-COV-2, fiind decretat\u0103 starea de urgen\u021b\u0103 medical\u0103. \u00cen aceste condi\u021bii nefavorabile, a fost organizat\u0103 conferin\u021ba de lansare a proiectului \u0219i to\u021bi membrii echipelor de o parte \u0219i de cealalt\u0103 a frontierei au \u00een\u021beles c\u00e2t este important s\u0103 comunici \u0219i s\u0103 colaborezi, chiar dac\u0103 acest lucru se \u00eent\u00e2mpla prin intermediul dispozitivelor electronice. Limitarea interac\u021biunilor sociale nemediate informatic \u0219i transferarea \u00eenspre mediul online a tuturor activit\u0103\u021bilor nu au f\u0103cut dec\u00e2t s\u0103 sporeasc\u0103 cooperarea dintre parteneri, dezvolt\u00e2nd at\u00e2t adaptabilitatea membrilor ambelor echipe, c\u00e2t \u0219i capacitatea de g\u0103si solu\u021bii pentru \u00eendeplinirea obiectivelor. \u0218i cum un r\u0103u nu vine niciodat\u0103 singur, pandemia de SARS-COV-2 a fost \u00eentrerupt\u0103 de un \u0219i mai mare dezastru, agresiunea Rusiei asupra Ucrainei. De\u0219i p\u0103rea un act anacronic, total nepotrivit secolului XXI, am ajuns s\u0103 tr\u0103im aceast\u0103 situa\u021bie, cu toate sincopele \u0219i neajunsurile aferente. Cele dou\u0103 piedici majore au determinat ca perioada preconizat\u0103 de implementare a proiectului, de 18 luni, s\u0103 fie extins\u0103 la 40 de luni. Lucrurile bine f\u0103cute necesit\u0103 timp, mai ales cele at\u00e2t de importante ca promovarea patrimoniului cultural \u0219i istoric \u00een regiunea transfrontalier\u0103, sus\u021binerea dezvolt\u0103rii culturii locale, a identit\u0103\u021bilor culturale specifice \u0219i a dialogului cultural \u00eentre comunit\u0103\u021bile din jude\u021bul Suceava \u0219i regiunea Ivano-Frankivsk, dar \u0219i sporirea gradului de con\u0219tientizare al turi\u0219tilor pentru acest patrimoniu.<\/p>\n<p>De\u0219i activit\u0103\u021bile din proiect au devenit din ce \u00een ce mai greu de derulat, echipele de proiect au reu\u0219it s\u0103 creeze o hart\u0103 interactiv\u0103 a obiectivelor turistice reprezentative din zona transfrontalier\u0103, prezent\u00e2ndu-le \u00een forma inovatoare a tururilor 3D sau a \u00eenregistr\u0103rilor video. Film\u0103ri aeriene inedite, realizate cu ajutorul unor drone, ofer\u0103 o perspectiv\u0103 atractiv\u0103 pentru turistul interesat de zona transfrontalier\u0103. Nici m\u0103car rachetele ce amenin\u021b\u0103 siguran\u021ba Ucrainei, nu au \u00eenvins spiritul membrilor echipelor de proiect \u0219i nu i-au \u00eempiedicat pe partenerii ucraineni s\u0103 \u00eenal\u021be dronele pentru a promova frumuse\u021bea unei zone at\u00e2t de greu \u00eencercate. Astfel, din confortul propriei case, orice persoan\u0103 interesat\u0103 se poate bucura de locuri \u0219i peisaje minunate, \u00eenso\u021bite de informa\u021bii exacte \u0219i interesante. De\u0219i au fost at\u00e2t de multe impedimente, s-au g\u0103sit modalit\u0103\u021bi inedite de a desf\u0103\u0219ura sesiunile de instruire at\u00e2t pentru reprezentan\u021bii tour-operatorilor, ai agen\u021biilor de voiaj, ai centrelor \u0219i birourilor de informare turistic\u0103, c\u00e2t \u0219i pentru studen\u021bii universit\u0103\u021bilor din Suceava \u0219i Ivano-Frankivsk.<\/p>\n<p>\u00cen paralel, au fost elaborate trei publica\u021bii \u00een limbile englez\u0103, rom\u00e2n\u0103 \u0219i ucrainean\u0103: Itinerarii culturale \u2013 Popasuri de suflet la poalele Carpa\u021bilor; Trecut pentru viitor. Patrimoniu istoric la poalele Carpa\u021bilor \u0219i Nestemate tainice din ora\u0219ul Ivano-Frankivsk. Muzee \u0219i galerii, care au fost distribuite agen\u021biilor de turism pentru a promova patrimoniul cultural-istoric transfrontalier din cele dou\u0103 zone implicate \u00een proiect.<\/p>\n<p>Foarte apreciat\u0103 \u0219i bine primit\u0103 a fost cartea cu activit\u0103\u021bi pentru copii Casa fermecat\u0103, prin intermediul c\u0103reia cei mici sunt purta\u021bi \u00eentr-o poveste minunat\u0103 cu case vorbitoare ce merit\u0103 salvate \u0219i \u00eengrijite. Preg\u0103tirea celor mai mici \u00een direc\u021bia aprecierii \u0219i conserv\u0103rii patrimoniului s-a dovedit a fi \u0219i de aceast\u0103 dat\u0103 o carte c\u00e2\u0219tig\u0103toare. Investi\u021bia \u00een viitor pentru p\u0103strarea vie a trecutului nu poate fi nicic\u00e2nd gre\u0219it\u0103.<\/p>\n<p>Un important obiectiv realizat l-a constituit renovarea \u0219i introducerea \u00een circuitul turistic a Muzeului de Geologie al Universit\u0103\u021bii Na\u021bionale Tehnice de Petrol \u0219i Gaze din Ivano-Frankivsk, care reprezint\u0103 \u00een prezent un important obiectiv turistic, av\u00e2nd \u00een vedere informa\u021biile \u0219i exponatele unice pe care le pune la dispozi\u021bia vizitatorilor. Adi\u021bional func\u021bion\u0103rii sale ca obiectiv turistic, muzeul va fi un centru de instruire \u0219i perfec\u021bionare pentru studen\u021bii ambelor universit\u0103\u021bi.<\/p>\n<p>Eforturile depuse \u00een comun \u0219i comunicarea frecvent\u0103 au f\u0103cut ca leg\u0103tura dintre membrii celor dou\u0103 echipe s\u0103 fie una str\u00e2ns\u0103, iar atunci c\u00e2nd partenerii ucraineni au avut nevoie de sus\u021binere, echipa sucevean\u0103 a achizi\u021bionat kituri de supravie\u021buire pentru a veni \u00een ajutorul colegilor din Universitatea Na\u021bional\u0103 Tehnic\u0103 de Petrol \u0219i Gaze din Ivano-Frankivsk.<\/p>\n<p>Evident, ca orice poveste, \u0219i aceasta a proiectului HE-CROSS ajunge la sf\u00e2r\u0219it. \u00cens\u0103, rezultatele vorbesc de la sine \u0219i vor contribui, ne\u00eendoielnic, la promovarea turismului istoric \u0219i cultural din zona transfrontalier\u0103 Rom\u00e2nia \u2013 Ucraina, la o mai bun\u0103 vizibilitate a obiectivelor \u0219i la crearea premiselor necesare pentru o dezvoltare dinamic\u0103 a regiunii dup\u0103 revenirea la normalitate.<\/p>","protected":false},"excerpt":{"rendered":"<p>POVESTEA PROIECTULUI HE-CROSS Ca orice lucru bun, povestea HE-CROSS a \u00eenceput cu o idee excelent\u0103 ce avea ca fundament o bun\u0103 rela\u021bie de cooperare \u00eentre dou\u0103 Universit\u0103\u021bi partenere, care au fost mereu dispuse s\u0103 depun\u0103 eforturi pentru a contribui la dezvoltarea regiunilor \u0219i ora\u0219elor lor. Semnarea acordului de grant \u0219i \u00eenceperea implement\u0103rii proiectului, \u00een data [&hellip;]<\/p>\n","protected":false},"author":1,"featured_media":0,"parent":0,"menu_order":14,"comment_status":"closed","ping_status":"closed","template":"","meta":[],"_links":{"self":[{"href":"https:\/\/hecross.net\/ro\/wp-json\/wp\/v2\/pages\/1052"}],"collection":[{"href":"https:\/\/hecross.net\/ro\/wp-json\/wp\/v2\/pages"}],"about":[{"href":"https:\/\/hecross.net\/ro\/wp-json\/wp\/v2\/types\/page"}],"author":[{"embeddable":true,"href":"https:\/\/hecross.net\/ro\/wp-json\/wp\/v2\/users\/1"}],"replies":[{"embeddable":true,"href":"https:\/\/hecross.net\/ro\/wp-json\/wp\/v2\/comments?post=1052"}],"version-history":[{"count":24,"href":"https:\/\/hecross.net\/ro\/wp-json\/wp\/v2\/pages\/1052\/revisions"}],"predecessor-version":[{"id":1068,"href":"https:\/\/hecross.net\/ro\/wp-json\/wp\/v2\/pages\/1052\/revisions\/1068"}],"wp:attachment":[{"href":"https:\/\/hecross.net\/ro\/wp-json\/wp\/v2\/media?parent=1052"}],"curies":[{"name":"wp","href":"https:\/\/api.w.org\/{rel}","templated":true}]}}